{"id":792,"date":"2024-10-05T20:03:49","date_gmt":"2024-10-05T18:03:49","guid":{"rendered":"https:\/\/lesamisdebagnoles.fr\/?page_id=792"},"modified":"2026-03-09T13:18:27","modified_gmt":"2026-03-09T12:18:27","slug":"5-les-essentiels","status":"publish","type":"page","link":"https:\/\/lesamisdebagnoles.fr\/index.php\/5-les-essentiels\/","title":{"rendered":"3 Cat\u00e9gories"},"content":{"rendered":"\r\n<p><a href=\"https:\/\/lesamisdebagnoles.fr\/index.php\/category\/actualites-2026\/\"><strong>Actualit\u00e9s 2026<\/strong><\/a><\/p>\r\n<p><strong><a href=\"https:\/\/lesamisdebagnoles.fr\/index.php\/category\/actualites-2025\/\" data-type=\"link\" data-id=\"https:\/\/lesamisdebagnoles.fr\/index.php\/category\/actualites-2025\/\">Actualit\u00e9s 2025<\/a><\/strong><\/p>\r\n\r\n\r\n\r\n<p><a href=\"https:\/\/lesamisdebagnoles.fr\/index.php\/category\/actualites\/\" data-type=\"link\" data-id=\"https:\/\/lesamisdebagnoles.fr\/index.php\/category\/actualites\/\"><strong>Actualit\u00e9s 2024<\/strong><\/a><\/p>\r\n\r\n\r\n\r\n<p><strong><a href=\"https:\/\/lesamisdebagnoles.fr\/index.php\/category\/les-essentiels\/\" data-type=\"link\" data-id=\"https:\/\/lesamisdebagnoles.fr\/index.php\/category\/les-essentiels\/\">Les Essentiels<\/a><\/strong><\/p>\r\n\r\n\r\n\r\n<p><strong><a href=\"https:\/\/lesamisdebagnoles.fr\/index.php\/category\/actions-et-demarches\/\" data-type=\"link\" data-id=\"https:\/\/lesamisdebagnoles.fr\/index.php\/category\/actions-et-demarches\/\">Actions et d\u00e9marches<\/a><\/strong><\/p>\r\n\r\n\r\n\r\n<p><strong><a href=\"https:\/\/lesamisdebagnoles.fr\/index.php\/category\/gestion-du-blogue\/\" data-type=\"link\" data-id=\"https:\/\/lesamisdebagnoles.fr\/index.php\/category\/gestion-du-blogue\/\">Gestion du blogue<\/a><\/strong><\/p>\r\n\r\n\r\n\r\n<p>&nbsp;<\/p>\r\n\r\n\r\n\r\n<p>&nbsp;<\/p>\r\n","protected":false},"excerpt":{"rendered":"<p>Actualit\u00e9s 2026 Actualit\u00e9s 2025 Actualit\u00e9s 2024 Les Essentiels Actions et d\u00e9marches Gestion du blogue &nbsp; &nbsp;<\/p>\n","protected":false},"author":2,"featured_media":0,"parent":0,"menu_order":0,"comment_status":"closed","ping_status":"closed","template":"","meta":{"footnotes":""},"class_list":["post-792","page","type-page","status-publish","hentry"],"_links":{"self":[{"href":"https:\/\/lesamisdebagnoles.fr\/index.php\/wp-json\/wp\/v2\/pages\/792","targetHints":{"allow":["GET"]}}],"collection":[{"href":"https:\/\/lesamisdebagnoles.fr\/index.php\/wp-json\/wp\/v2\/pages"}],"about":[{"href":"https:\/\/lesamisdebagnoles.fr\/index.php\/wp-json\/wp\/v2\/types\/page"}],"author":[{"embeddable":true,"href":"https:\/\/lesamisdebagnoles.fr\/index.php\/wp-json\/wp\/v2\/users\/2"}],"replies":[{"embeddable":true,"href":"https:\/\/lesamisdebagnoles.fr\/index.php\/wp-json\/wp\/v2\/comments?post=792"}],"version-history":[{"count":27,"href":"https:\/\/lesamisdebagnoles.fr\/index.php\/wp-json\/wp\/v2\/pages\/792\/revisions"}],"predecessor-version":[{"id":1685,"href":"https:\/\/lesamisdebagnoles.fr\/index.php\/wp-json\/wp\/v2\/pages\/792\/revisions\/1685"}],"wp:attachment":[{"href":"https:\/\/lesamisdebagnoles.fr\/index.php\/wp-json\/wp\/v2\/media?parent=792"}],"curies":[{"name":"wp","href":"https:\/\/api.w.org\/{rel}","templated":true}]}}