{"id":514,"date":"2024-05-13T22:11:58","date_gmt":"2024-05-13T20:11:58","guid":{"rendered":"https:\/\/lesamisdebagnoles.fr\/?page_id=514"},"modified":"2024-05-13T22:14:36","modified_gmt":"2024-05-13T20:14:36","slug":"privileges-wordpress-2","status":"publish","type":"page","link":"https:\/\/lesamisdebagnoles.fr\/index.php\/memento-redacteurs\/privileges-wordpress-2\/","title":{"rendered":"Privil\u00e8ges WP 2"},"content":{"rendered":"\n<p>WordPress dans sa terminologie parle de R\u00f4les et permissions.<br>CQFD est en fait Superadministrateur. Un administrateur g\u00e8re un seul site Word Press, un superadministrateur plusieurs.<br>Pour faire simple, voici le parall\u00e9lisme entre la hi\u00e9rarchie de l\u2019association, celles des intervenants du site, celles du journalisme traditionnel. :<\/p>\n\n\n\n<p>Superadministrateur<br>Copr\u00e9sidents + certains membres du Bureau = Administrateur = Directeur de la publication.<br>Autres membres du Bureau = \u00c9diteur = R\u00e9dacteur en chef.<br>Membres de l\u2019association = Auteur = Journaliste.<br>Ext\u00e9rieurs 1 = Contributeur = Pigiste<br>Ext\u00e9rieurs 2 = Abonn\u00e9 = Lecteur qui \u00e9crit au courrier des lecteurs.<\/p>\n\n\n\n<p>Les \u00c9diteurs publient sans autorisation et peuvent modifier les articles et pages des autres (\u00e9diteurs, auteurs etc.). <em>Mod\u00e9ration a posteriori.<\/em><br>Les Auteurs publient sans autorisation leurs propres articles seulement.&nbsp;<br>Les Contributeurs peuvent publier mais avec autorisation. <em>Mod\u00e9ration a priori.<\/em><br><em>Attention : les contributeurs ne peuvent plus modifier leur article une fois publi\u00e9.<\/em><\/p>\n\n\n\n<p>Les Abonn\u00e9s peuvent envoyer des commentaires seulement avec autorisation.<br>La mod\u00e9ration des commentaires ne peut se faire qu\u2019au niveau des Administrateurs et des \u00c9diteurs.<\/p>\n\n\n\n<p><a href=\"https:\/\/fr.wordpress.org\/support\/article\/roles-and-capabilities\/\" data-type=\"link\" data-id=\"https:\/\/fr.wordpress.org\/support\/article\/roles-and-capabilities\/\">Source<\/a><\/p>\n","protected":false},"excerpt":{"rendered":"<p>WordPress dans sa terminologie parle de R\u00f4les et permissions.CQFD est en fait Superadministrateur. Un administrateur g\u00e8re un seul site Word Press, un superadministrateur plusieurs.Pour faire simple, voici le parall\u00e9lisme entre la hi\u00e9rarchie de l\u2019association, celles des intervenants du site, celles du journalisme traditionnel. : SuperadministrateurCopr\u00e9sidents + certains membres du Bureau = Administrateur = Directeur de [&hellip;]<\/p>\n","protected":false},"author":2,"featured_media":0,"parent":463,"menu_order":0,"comment_status":"closed","ping_status":"closed","template":"","meta":{"footnotes":""},"class_list":["post-514","page","type-page","status-publish","hentry"],"_links":{"self":[{"href":"https:\/\/lesamisdebagnoles.fr\/index.php\/wp-json\/wp\/v2\/pages\/514","targetHints":{"allow":["GET"]}}],"collection":[{"href":"https:\/\/lesamisdebagnoles.fr\/index.php\/wp-json\/wp\/v2\/pages"}],"about":[{"href":"https:\/\/lesamisdebagnoles.fr\/index.php\/wp-json\/wp\/v2\/types\/page"}],"author":[{"embeddable":true,"href":"https:\/\/lesamisdebagnoles.fr\/index.php\/wp-json\/wp\/v2\/users\/2"}],"replies":[{"embeddable":true,"href":"https:\/\/lesamisdebagnoles.fr\/index.php\/wp-json\/wp\/v2\/comments?post=514"}],"version-history":[{"count":3,"href":"https:\/\/lesamisdebagnoles.fr\/index.php\/wp-json\/wp\/v2\/pages\/514\/revisions"}],"predecessor-version":[{"id":517,"href":"https:\/\/lesamisdebagnoles.fr\/index.php\/wp-json\/wp\/v2\/pages\/514\/revisions\/517"}],"up":[{"embeddable":true,"href":"https:\/\/lesamisdebagnoles.fr\/index.php\/wp-json\/wp\/v2\/pages\/463"}],"wp:attachment":[{"href":"https:\/\/lesamisdebagnoles.fr\/index.php\/wp-json\/wp\/v2\/media?parent=514"}],"curies":[{"name":"wp","href":"https:\/\/api.w.org\/{rel}","templated":true}]}}