{"id":463,"date":"2024-05-13T16:49:14","date_gmt":"2024-05-13T14:49:14","guid":{"rendered":"https:\/\/lesamisdebagnoles.fr\/?page_id=463"},"modified":"2024-10-09T15:00:40","modified_gmt":"2024-10-09T13:00:40","slug":"memento-redacteurs","status":"publish","type":"page","link":"https:\/\/lesamisdebagnoles.fr\/index.php\/memento-redacteurs\/","title":{"rendered":"5 R\u00e9dacteurs"},"content":{"rendered":"\n<p id=\"block-73847f8e-7fa8-4b27-963d-f6337575f12d\">12 Mai 2024<\/p>\n\n\n\n<p id=\"block-3cb76247-83c8-4283-a87b-73fcdf8f1dbf\"><strong>Pour rapporter un texte en provenance de la Toile.<\/strong><\/p>\n\n\n\n<p id=\"block-234cb121-3c9d-4ea5-b7b1-0f0b7a91ba0e\">Les textes sur Internet sont \u00e9crits en html, il y a donc des marques de code en plus du texte qui r\u00e9apparaissent lorsque l\u2019on fait un copi\u00e9 coll\u00e9 vers WordPress.<\/p>\n\n\n\n<p id=\"block-9d74a00f-33a8-4139-b9c7-9b1e3428ed0e\">Il faut donc copier le texte du site \u00e0 citer (en utilisant de pr\u00e9f\u00e9rence le lecteur dans votre navigateur) vers un texteur \u00e9l\u00e9mentaire (TextEdit ou NotePad, mais pas Word), \u00e9ventuellement le convertir au format texte et le copier dans l\u2019article WordPress.<\/p>\n\n\n\n<p id=\"block-bf853676-65f9-4d13-82bb-71fec089bcbb\">Pour les images, elles ne peuvent pas \u00eatre copi\u00e9es coll\u00e9es directement. Il faut soit les glisser sur le bureau de votre ordinateur, soit augmenter la taille de votre navigateur et faire une saisie d\u2019\u00e9cran, car certaines images contiennent, pour simplifier, un fragment de code qui interdit le cliquer-glisser. Enfin remettre les images ainsi isol\u00e9es vers le texte du WordPress.<\/p>\n\n\n\n<p id=\"block-75238238-b2cf-4dc7-8c5b-305572bb335c\"><strong>Le probl\u00e8me de la citation<\/strong><\/p>\n\n\n\n<p id=\"block-0c2f36d6-6825-41eb-a71a-0fabe1ee044d\">En droit, la citation int\u00e9grale est possible dans un cadre priv\u00e9. C\u2019est le droit du copiste (exception de la copie priv\u00e9e). En mati\u00e8re de publication c\u2019est diff\u00e9rent. Normalement, pour respecter la Net\u00e9tiquette, il est possible de citer l\u2019article au maximum du tiers de sa longueur environ et de le faire suivre d\u2019un lien vers l\u2019article original du type <em>Lire la suite<\/em>.<\/p>\n\n\n\n<p id=\"block-352c1c44-12d7-420b-a39e-aa3254a14fe2\"><em><a href=\"https:\/\/www.l214.com\/infos\/fiches\/tractage\/\">Source<\/a><\/em><\/p>\n\n\n\n<p id=\"block-9d8f7d10-35ef-4438-a7d8-137874fc1b68\"><strong>Deux possibilit\u00e9s pour les articles importants.<\/strong><br>Comme le dit une lectrice en commentaire du texte <em>Avis sur le pr\u00e9 projet <\/em>ces deux articles phares devraient avoir un traitement particulier :<br>1\/ Soit ils sont remis perp\u00e9tuellement en haut de la pile comme expliqu\u00e9 ci-dessous. Inconv\u00e9nients : ils emp\u00eachent l&rsquo;affichage en haut de la pile des articles nouveaux.<br>2\/ Soit ils sont transform\u00e9s en page. Ils se pr\u00e9senteront alors sous forme de liens sous l&rsquo;image (comme le Sommaire) et ils seront accessibles d&rsquo;un clic. Inconv\u00e9nients : on ne voit pas le d\u00e9but de l&rsquo;article.<br>Compromis : au bout d&rsquo;un certain temps, passer les <em>articles<\/em> phares en <em>page.<\/em><\/p>\n\n\n\n<p id=\"block-e91dce91-0f17-4ad6-bf4b-8f424829bf5e\">10 Mai 2024<\/p>\n\n\n\n<p id=\"block-df0fb7d6-2bef-4d4c-96a0-402e756cf18f\"><strong>Une astuce pour mettre en valeur les articles importants.<\/strong><br>Il y avait deux articles mineurs relatifs \u00e0 la gestion du blogue qui \u00e9taient au sommet de la liste. Je les ai donc r\u00e9trograd\u00e9s en changeant la date de publication avec <em>Modification rapide<\/em> ; je les ai dat\u00e9s d\u00e9but Mai. Ainsi tous les articles de fond \u00e0 partir du 6 Mai sont-is au sommet de la pile.<\/p>\n\n\n\n<p id=\"block-bf57d432-0934-45dc-9c92-03dd035da7a9\"><strong>Pour les images :<\/strong><\/p>\n\n\n\n<p id=\"block-40fa9ea1-55f6-493e-9f0e-5f03bb22ce51\">Rappel : Pour ins\u00e9rer une image, on peut cliquer-glisser l&rsquo;image \u00e0 partir d&rsquo;un dossier (ext\u00e9rieur \u00e0 ce blogue sur votre ordinateur) vers l&#8217;emplacement choisi dans votre texte. Toutes les images sont ensuite disponibles dans l&rsquo;espace<em> M\u00e9dias<\/em>.<\/p>\n\n\n\n<p id=\"block-242d6068-4528-4832-a84e-a1b52d180db2\"><strong>La taille des images :<\/strong> Si les images sont trop lourdes, cela risque \u00e0 long terme de ralentir le blogue. Les images tir\u00e9es de la Toile sont d\u00e9j\u00e0 format\u00e9es ( &lt; 1 Mo). Si vous avez vos propres images tir\u00e9es d&rsquo;un appareil photo (autour de 5 Mo) ou d&rsquo;un digitaliseur (scanner), sans vous casser la t\u00eate \u00e0 les all\u00e9ger dans un logiciel graphique, ouvrez les sur votre \u00e9cran et faites une copie d&rsquo;\u00e9cran : elle ne sera pas imprimable, ce n&rsquo;est pas le but, mais all\u00e9g\u00e9e.<br>Dans la fen\u00eatre <em>M\u00e9dias<\/em> je n&rsquo;ai pas vu d&rsquo;images lourdes. La photographie de Pierre No\u00ebl, t\u00e9l\u00e9vers\u00e9e par G. a certainement \u00e9t\u00e9 all\u00e9g\u00e9e avant envoi. Le descriptif du clich\u00e9 est visible en cliquant sur l&rsquo;image dans la fen\u00eatre <em>M\u00e9dias<\/em>.<\/p>\n\n\n\n<hr class=\"wp-block-separator has-alpha-channel-opacity\"\/>\n\n\n\n<p>La cat\u00e9gorie <em>Actualit\u00e9s<\/em> : Ne pas surcharger cette cat\u00e9gorie. Au bout d&rsquo;un certain temps (un mois ?) ou d&rsquo;une certaines quantit\u00e9 (20 ?), les ventiler dans les autres cat\u00e9gories. \u00c9ventuellement en en cr\u00e9ant d&rsquo;autres et en utilisant des <em>sous cat\u00e9gories.<\/em> Dans le menu <em>Cat\u00e9gories<\/em>, lorsque vous cr\u00e9ez une <em>sous cat\u00e9gorie<\/em>, vous avez le menu d\u00e9roulant ad hoc : <em>cat\u00e9gorie parente<\/em>.<\/p>\n\n\n\n<p class=\"has-text-align-center\">__________________<\/p>\n\n\n\n<p>Dans cette version de WordPress je ne vois pas de menu lat\u00e9ral \u00e0 droite indiquant le catalogue des cat\u00e9gories. Le sommaire en tiendra lieu puisque les articles seront pr\u00e9sent\u00e9s par cat\u00e9gories.<\/p>\n\n\n\n<p class=\"has-text-align-center\">_______________<\/p>\n\n\n\n<p>Vous pouvez \u00e9crire des articles concernant la gestion de ce blogue r\u00e9serv\u00e9s aux \u00e9diteurs ici.<\/p>\n\n\n\n<p><strong>Les versions sont empil\u00e9es dans l\u2019ordre chronologique inverse.<\/strong><\/p>\n\n\n\n<p>6 Mai 2024<\/p>\n\n\n\n<p>Pour la pr\u00e9sentation de l&rsquo;association (le lien est sous l&rsquo;illustration de la page d&rsquo;accueil), il s&rsquo;agit d&rsquo;une page. <strong>La page<\/strong>, contrairement \u00e0 <strong>l&rsquo;article<\/strong>, qui descend dans la chronologie des publications \u00e0 mesure que de nouveaux articles apparaissent, reste \u00e0 sa place.<\/p>\n\n\n\n<p>3 Mai 2024<\/p>\n\n\n\n<p>Je rappelle deux adresses \u00e0 mettre dans vos favoris :<br><a href=\"https:\/\/lesamisdebagnoles.fr\">https:\/\/lesamisdebagnoles.fr<\/a> qui est l&rsquo;adresse basique que vous pouvez envoyer \u00e0 vos connaissances. C&rsquo;est la m\u00e9thode de r\u00e9f\u00e9rencement la plus efficace. En plus, vous avez la possibilit\u00e9 de voir votre article comme n&rsquo;importe quel visiteur.<br><a href=\"https:\/\/lesamisdebagnoles.fr\/wp-login.php\">https:\/\/lesamisdebagnoles.fr\/wp-login.php<\/a> qui permet de vous connecter et de retrouver votre statut d&rsquo;administrateur, d&rsquo;\u00e9diteur ou d&rsquo;auteur (pour l&rsquo;instant). Afin de reprendre vos articles si besoin, de les changer de cat\u00e9gories etc.<\/p>\n\n\n\n<p>Pour voir les diff\u00e9rences entre les diff\u00e9rents statuts, je vous conseille cette page o\u00f9 tout est expliqu\u00e9 :<br><a href=\"https:\/\/wpformation.com\/roles-droits-privileges-utilisateurs-wordpress\">https:\/\/wpformation.com\/roles-droits-privileges-utilisateurs-wordpress<\/a><\/p>\n\n\n\n<p>J&rsquo;ai cr\u00e9\u00e9 <a href=\"https:\/\/lesamisdebagnoles.fr\/wp-content\/uploads\/2024\/05\/Privileges-WordPress-1.pdf\">une autre article<\/a> (l&rsquo;acc\u00e8s en est public) o\u00f9 vous disposez d&rsquo;un tableau r\u00e9capitulatifs des privil\u00e8ges de chaque statut.<\/p>\n\n\n\n<p>Pr\u00e9sentement il faut savoir que l<strong>es \u00e9diteurs peuvent publier et g\u00e9rer les pages des autres utilisateurs<\/strong>. <br>1\/ Les auteurs peuvent publier et g\u00e9rer leurs propres articles uniquement.<strong> Ils n&rsquo;ont pas acc\u00e8s aux fichiers priv\u00e9s .<\/strong><br>2\/ les membres de l&rsquo;association sont auteurs (au mieux), sinon contributeurs (leurs articles sont mod\u00e9r\u00e9s a posteriori).<br>3\/ les non membres (simples curieux) peuvent seulement commenter. Le bon sens voudrait qu&rsquo;ils soient abonn\u00e9s, quitte \u00e0 les promouvoir par la suite en contributeurs (en attendant qu&rsquo;ils deviennent membres) et \u00e9ventuellement auteurs (s&rsquo;ils deviennent membres).<br><\/p>\n\n\n\n<p><strong>Version 3<\/strong>, 3 Mai 2024<\/p>\n\n\n\n<p>Il y a quatre cat\u00e9gories : <em>Actualit\u00e9s<\/em> (publique), <em>Gestion du Blogue<\/em> (priv\u00e9e), <em>Les essentiels<\/em> et <em>Non class\u00e9<\/em>e. D&rsquo;autres cat\u00e9gories devront \u00eatre cr\u00e9\u00e9s par la suite, par exemple <em>Juridique<\/em>, <em>Correspondances<\/em>, <em>Espace adh\u00e9rents<\/em>.<br>\u2014\u2014\u2014\u2014\u2014<\/p>\n\n\n\n<p><strong>Version 1<\/strong>, 2 Mai 2024<\/p>\n\n\n\n<p>L\u2019adresse publique du blogue est :<\/p>\n\n\n\n<p><a href=\"https:\/\/lesamisdebagnoles.fr\/\">https:\/\/lesamisdebagnoles.fr<\/a><\/p>\n\n\n\n<p>Il y a cinq niveaux pour la r\u00e9daction des articles :<\/p>\n\n\n\n<figure class=\"wp-block-image size-full\"><img loading=\"lazy\" decoding=\"async\" width=\"257\" height=\"142\" src=\"https:\/\/lesamisdebagnoles.fr\/wp-content\/uploads\/2024\/05\/Capture-decran-2024-05-02-a-14.12.02-1.png\" alt=\"\" class=\"wp-image-31\"\/><\/figure>\n\n\n\n<p>\u00c0 chaque fois que vous publiez un article en tant qu&rsquo;\u00e9diteur vous avez le choix :&nbsp;<\/p>\n\n\n\n<figure class=\"wp-block-image size-full\"><img loading=\"lazy\" decoding=\"async\" width=\"208\" height=\"294\" src=\"https:\/\/lesamisdebagnoles.fr\/wp-content\/uploads\/2024\/05\/Capture-decran-2024-05-02-a-13.45.36-1.png\" alt=\"\" class=\"wp-image-32\"\/><\/figure>\n\n\n\n<p>Pour \u00e9crire un texte dans WordPress il n\u2019est pas conseill\u00e9 de faire un copi\u00e9-coll\u00e9 \u00e0 partir de Word.&nbsp;<\/p>\n\n\n\n<p>Plut\u00f4t \u00e0 partir de NotePad (PC) ou TextEdit (Mac).<\/p>\n\n\n\n<p><\/p>\n\n\n\n<p><\/p>\n","protected":false},"excerpt":{"rendered":"<p>12 Mai 2024 Pour rapporter un texte en provenance de la Toile. Les textes sur Internet sont \u00e9crits en html, il y a donc des marques de code en plus du texte qui r\u00e9apparaissent lorsque l\u2019on fait un copi\u00e9 coll\u00e9 vers WordPress. Il faut donc copier le texte du site \u00e0 citer (en utilisant de [&hellip;]<\/p>\n","protected":false},"author":2,"featured_media":0,"parent":0,"menu_order":0,"comment_status":"closed","ping_status":"closed","template":"","meta":{"footnotes":""},"class_list":["post-463","page","type-page","status-publish","hentry"],"_links":{"self":[{"href":"https:\/\/lesamisdebagnoles.fr\/index.php\/wp-json\/wp\/v2\/pages\/463","targetHints":{"allow":["GET"]}}],"collection":[{"href":"https:\/\/lesamisdebagnoles.fr\/index.php\/wp-json\/wp\/v2\/pages"}],"about":[{"href":"https:\/\/lesamisdebagnoles.fr\/index.php\/wp-json\/wp\/v2\/types\/page"}],"author":[{"embeddable":true,"href":"https:\/\/lesamisdebagnoles.fr\/index.php\/wp-json\/wp\/v2\/users\/2"}],"replies":[{"embeddable":true,"href":"https:\/\/lesamisdebagnoles.fr\/index.php\/wp-json\/wp\/v2\/comments?post=463"}],"version-history":[{"count":17,"href":"https:\/\/lesamisdebagnoles.fr\/index.php\/wp-json\/wp\/v2\/pages\/463\/revisions"}],"predecessor-version":[{"id":819,"href":"https:\/\/lesamisdebagnoles.fr\/index.php\/wp-json\/wp\/v2\/pages\/463\/revisions\/819"}],"wp:attachment":[{"href":"https:\/\/lesamisdebagnoles.fr\/index.php\/wp-json\/wp\/v2\/media?parent=463"}],"curies":[{"name":"wp","href":"https:\/\/api.w.org\/{rel}","templated":true}]}}