{"id":455,"date":"2024-05-13T16:33:44","date_gmt":"2024-05-13T14:33:44","guid":{"rendered":"https:\/\/lesamisdebagnoles.fr\/?page_id=455"},"modified":"2025-03-02T23:24:40","modified_gmt":"2025-03-02T22:24:40","slug":"les-amis-de-bagnoles-de-lorne-normandie-labon","status":"publish","type":"page","link":"https:\/\/lesamisdebagnoles.fr\/index.php\/page-d-exemple\/les-amis-de-bagnoles-de-lorne-normandie-labon\/","title":{"rendered":"Adh\u00e9sion et statuts de l&rsquo;association"},"content":{"rendered":"\n<figure class=\"wp-block-image size-large\"><img loading=\"lazy\" decoding=\"async\" width=\"724\" height=\"1024\" src=\"https:\/\/lesamisdebagnoles.fr\/wp-content\/uploads\/2025\/03\/bulletin-dadhesion-1-pdf-724x1024.jpg\" alt=\"\" class=\"wp-image-1260\"\/><\/figure>\n\n\n\n<p class=\"has-text-align-center\">______________________________<\/p>\n\n\n\n<p><strong>Statuts de l\u2019Association :<\/strong><strong>\u00ab Les Amis de Bagnoles de l\u2019Orne Normandie \u00bb&nbsp;<\/strong><\/p>\n\n\n\n<p>Titre : \u00ab Les Amis de Bagnoles de l\u2019Orne Normandie \u00bb Titre court: LABON 61140<br><\/p>\n\n\n\n<p>Objet:&nbsp;<\/p>\n\n\n\n<p>Elle a pour but de r\u00e9unir toutes les personnes souhaitant soutenir l\u2019ensemble des initiatives destin\u00e9es \u00e0 pr\u00e9server le patrimoine, qu\u2019il soit urbain, architectural ou naturel, caract\u00e9risant l\u2019identit\u00e9 forte de Bagnoles-de-l\u2019Orne-Normandie et de son territoire.<br>Groupe de r\u00e9flexion, elle a pour objet l\u2019int\u00e9r\u00eat qui doit \u00eatre port\u00e9 \u00e0 l\u2019esth\u00e9tique de l\u2019environnement, tant b\u00e2ti que paysager, \u00e0 l\u2019ordonnancement particulier de l\u2019ensemble des \u00e9difices et activit\u00e9s li\u00e9es \u00e0 la station thermale, qui en constituent son caract\u00e8re &#8211; \u00e9l\u00e9ments essentiels du dynamisme touristique, social et \u00e9conomique. Elle soutiendra ou proposera des activit\u00e9s culturelles, ou li\u00e9es au territoire particulier des Andaines.&nbsp;<\/p>\n\n\n\n<p>Dur\u00e9e:<br>Elle est constitu\u00e9e pour 99 ans.<br>Si\u00e8ge social:<br>12, Avenue du Docteur Pierre Noal, 61140 Bagnoles-de-l\u2019Orne-Normandie.&nbsp;<\/p>\n\n\n\n<p>Article 1:&nbsp;<\/p>\n\n\n\n<p>Conditions d\u2019admission: tout membre doit payer sa cotisation annuelle, il doit respecter l\u2019objet de l\u2019association. Tout d\u00e9tournement de cet objet entra\u00eenera la radiation.&nbsp;<\/p>\n\n\n\n<p>Article 2:&nbsp;<\/p>\n\n\n\n<p>L\u2019Association \u00e9lira les six membres constituant son bureau, compos\u00e9 d\u2019un pr\u00e9sident, d\u2019un tr\u00e9sorier, d\u2019un secr\u00e9taire et de conseillers (un conseiller scientifique, un conseiller nature et environnement, un conseiller relations publiques), de la mani\u00e8re suivante : tous les trois ans, (ou tous les ans en cas de d\u00e9mission ou d\u00e9c\u00e8s) en assembl\u00e9e g\u00e9n\u00e9rale. Ces six membres \u00e9lus constitueront le bureau,&nbsp; lequel, \u00e0 huis clos, d\u00e9signera la fonction de ses membres.&nbsp;<\/p>\n\n\n\n<p>Article 3:<br>Toute participation aux activit\u00e9s propos\u00e9es par l\u2019Association impliquera l\u2019adh\u00e9sion.&nbsp;<\/p>\n\n\n\n<p>Article 4:&nbsp;<\/p>\n\n\n\n<p>L\u2019Association pourra demander des subventions, recevoir des dons et accepter du m\u00e9c\u00e9nat.&nbsp;<\/p>\n\n\n\n<p>Article 5:&nbsp;<\/p>\n\n\n\n<p>Le repr\u00e9sentant l\u00e9gal est le pr\u00e9sident pouvant d\u00e9l\u00e9guer tout ou partie de son&nbsp; pouvoir \u00e0 un ou plusieurs autres membres du bureau.&nbsp;<\/p>\n\n\n\n<p>Article 6 :&nbsp;<\/p>\n\n\n\n<p>L\u2019Association pourra constituer un fonds d\u2019archives, de documentation ou de biblioth\u00e8que. En cas de dissolution de l\u2019Association, la d\u00e9volution sera faite en faveur des Archives Municipales.&nbsp;<\/p>\n\n\n\n<p>Article 7:&nbsp;<\/p>\n\n\n\n<p>En cas de dissolution de l\u2019Association, la d\u00e9volution des fonds sera faite en faveur de la Fondation du Patrimoine.&nbsp;<\/p>\n\n\n\n<p>Article 8&nbsp;<\/p>\n\n\n\n<p>Le bureau a qualit\u00e9 pour d\u00e9cider d\u2019ester en justice. L\u2019action est d\u00e9cid\u00e9e par les deux tiers du bureau. Le repr\u00e9sentant de l\u2019Association lors des proc\u00e9dures judiciaires sera le pr\u00e9sident ou un mandataire nomm\u00e9 en vertu d\u2019une procuration sp\u00e9ciale, sign\u00e9e par le pr\u00e9sident.&nbsp;<\/p>\n\n\n\n<p>Fait le 28 F\u00e9vrier 2025<\/p>\n\n\n\n<p>Le Pr\u00e9sident, G\u00e9rard Bedouet.&nbsp;<\/p>\n","protected":false},"excerpt":{"rendered":"<p>______________________________ Statuts de l\u2019Association :\u00ab Les Amis de Bagnoles de l\u2019Orne Normandie \u00bb&nbsp; Titre : \u00ab Les Amis de Bagnoles de l\u2019Orne Normandie \u00bb Titre court: LABON 61140 Objet:&nbsp; Elle a pour but de r\u00e9unir toutes les personnes souhaitant soutenir l\u2019ensemble des initiatives destin\u00e9es \u00e0 pr\u00e9server le patrimoine, qu\u2019il soit urbain, architectural ou naturel, caract\u00e9risant [&hellip;]<\/p>\n","protected":false},"author":2,"featured_media":0,"parent":2,"menu_order":0,"comment_status":"closed","ping_status":"closed","template":"","meta":{"footnotes":""},"class_list":["post-455","page","type-page","status-publish","hentry"],"_links":{"self":[{"href":"https:\/\/lesamisdebagnoles.fr\/index.php\/wp-json\/wp\/v2\/pages\/455","targetHints":{"allow":["GET"]}}],"collection":[{"href":"https:\/\/lesamisdebagnoles.fr\/index.php\/wp-json\/wp\/v2\/pages"}],"about":[{"href":"https:\/\/lesamisdebagnoles.fr\/index.php\/wp-json\/wp\/v2\/types\/page"}],"author":[{"embeddable":true,"href":"https:\/\/lesamisdebagnoles.fr\/index.php\/wp-json\/wp\/v2\/users\/2"}],"replies":[{"embeddable":true,"href":"https:\/\/lesamisdebagnoles.fr\/index.php\/wp-json\/wp\/v2\/comments?post=455"}],"version-history":[{"count":17,"href":"https:\/\/lesamisdebagnoles.fr\/index.php\/wp-json\/wp\/v2\/pages\/455\/revisions"}],"predecessor-version":[{"id":1267,"href":"https:\/\/lesamisdebagnoles.fr\/index.php\/wp-json\/wp\/v2\/pages\/455\/revisions\/1267"}],"up":[{"embeddable":true,"href":"https:\/\/lesamisdebagnoles.fr\/index.php\/wp-json\/wp\/v2\/pages\/2"}],"wp:attachment":[{"href":"https:\/\/lesamisdebagnoles.fr\/index.php\/wp-json\/wp\/v2\/media?parent=455"}],"curies":[{"name":"wp","href":"https:\/\/api.w.org\/{rel}","templated":true}]}}