{"id":2,"date":"2024-05-12T17:57:29","date_gmt":"2024-05-12T15:57:29","guid":{"rendered":"http:\/\/lesamisdebagnoles.fr\/?page_id=2"},"modified":"2025-01-28T15:47:02","modified_gmt":"2025-01-28T14:47:02","slug":"page-d-exemple","status":"publish","type":"page","link":"https:\/\/lesamisdebagnoles.fr\/index.php\/page-d-exemple\/","title":{"rendered":"2 L&rsquo;association"},"content":{"rendered":"\n<p>Titre : \u00ab Les Amis de Bagnoles de l\u2019Orne Normandie \u00bb Titre court: LABON 61140<br>Objet:<\/p>\n\n\n\n<p>Elle a pour but de r\u00e9unir toutes les personnes souhaitant soutenir l\u2019ensemble des initiatives destin\u00e9es \u00e0 pr\u00e9server le patrimoine qu\u2019il soit urbain, architectural ou naturel, caract\u00e9risant l\u2019identit\u00e9 forte de Bagnoles de l\u2019Orne.<br>Groupe de r\u00e9flexion, elle a pour objet l\u2019int\u00e9r\u00eat qui doit \u00eatre port\u00e9 \u00e0 l\u2019esth\u00e9tique de l\u2019environnement, tant b\u00e2ti que paysager, \u00e0 l\u2019ordonnancement particulier de l\u2019ensemble des \u00e9difices et activit\u00e9s li\u00e9es \u00e0 la station thermale, qui en constituent son caract\u00e8re &#8211; \u00e9l\u00e9ments essentiels du dynamisme touristique, social et \u00e9conomique. <\/p>\n\n\n\n<p><\/p>\n\n\n\n<figure class=\"wp-block-image aligncenter size-large is-resized\"><img decoding=\"async\" src=\"https:\/\/lesamisdebagnoles.fr\/wp-content\/uploads\/2025\/01\/Etude-paysagere-799x1024.jpeg\" alt=\"\" class=\"wp-image-1205\" style=\"width:662px;height:auto\"\/><\/figure>\n","protected":false},"excerpt":{"rendered":"<p>Titre : \u00ab Les Amis de Bagnoles de l\u2019Orne Normandie \u00bb Titre court: LABON 61140Objet: Elle a pour but de r\u00e9unir toutes les personnes souhaitant soutenir l\u2019ensemble des initiatives destin\u00e9es \u00e0 pr\u00e9server le patrimoine qu\u2019il soit urbain, architectural ou naturel, caract\u00e9risant l\u2019identit\u00e9 forte de Bagnoles de l\u2019Orne.Groupe de r\u00e9flexion, elle a pour objet l\u2019int\u00e9r\u00eat qui [&hellip;]<\/p>\n","protected":false},"author":1,"featured_media":0,"parent":0,"menu_order":0,"comment_status":"closed","ping_status":"closed","template":"","meta":{"footnotes":""},"class_list":["post-2","page","type-page","status-publish","hentry"],"_links":{"self":[{"href":"https:\/\/lesamisdebagnoles.fr\/index.php\/wp-json\/wp\/v2\/pages\/2","targetHints":{"allow":["GET"]}}],"collection":[{"href":"https:\/\/lesamisdebagnoles.fr\/index.php\/wp-json\/wp\/v2\/pages"}],"about":[{"href":"https:\/\/lesamisdebagnoles.fr\/index.php\/wp-json\/wp\/v2\/types\/page"}],"author":[{"embeddable":true,"href":"https:\/\/lesamisdebagnoles.fr\/index.php\/wp-json\/wp\/v2\/users\/1"}],"replies":[{"embeddable":true,"href":"https:\/\/lesamisdebagnoles.fr\/index.php\/wp-json\/wp\/v2\/comments?post=2"}],"version-history":[{"count":9,"href":"https:\/\/lesamisdebagnoles.fr\/index.php\/wp-json\/wp\/v2\/pages\/2\/revisions"}],"predecessor-version":[{"id":1206,"href":"https:\/\/lesamisdebagnoles.fr\/index.php\/wp-json\/wp\/v2\/pages\/2\/revisions\/1206"}],"wp:attachment":[{"href":"https:\/\/lesamisdebagnoles.fr\/index.php\/wp-json\/wp\/v2\/media?parent=2"}],"curies":[{"name":"wp","href":"https:\/\/api.w.org\/{rel}","templated":true}]}}