{"id":1538,"date":"2025-10-14T13:21:52","date_gmt":"2025-10-14T11:21:52","guid":{"rendered":"https:\/\/lesamisdebagnoles.fr\/?page_id=1538"},"modified":"2026-03-09T22:47:04","modified_gmt":"2026-03-09T21:47:04","slug":"sommaire-2","status":"publish","type":"page","link":"https:\/\/lesamisdebagnoles.fr\/index.php\/sommaire-2\/","title":{"rendered":"1 Sommaire"},"content":{"rendered":"\r\n<p class=\"has-medium-font-size\"><strong>Actualit\u00e9s 2026<\/strong><\/p>\r\n<p><a href=\"https:\/\/lesamisdebagnoles.fr\/index.php\/2026\/03\/08\/compte-rendu-assemblee-generale-labon-2026\/\">Compte-rendu Assembl\u00e9e G\u00e9n\u00e9rale LABON 2026<\/a><\/p>\r\n<p><a href=\"https:\/\/lesamisdebagnoles.fr\/index.php\/2026\/03\/09\/elections-municipales-bagnoles-positionnement-des-candidats-a-propos-du-lac\/\">\u00c9lections municipales de Bagnoles. Positionnement des candidats \u00e0 propos du lac<\/a><\/p>\r\n<p><a href=\"https:\/\/lesamisdebagnoles.fr\/index.php\/2026\/03\/09\/florilege-de-points-de-vue-questionnements-et-informations\/\">Floril\u00e8ge de points de vue, questionnements et informations<\/a><\/p>\r\n<p><a href=\"https:\/\/lesamisdebagnoles.fr\/index.php\/2026\/03\/06\/commission-parlementaire-sur-la-restauration-de-la-continuite-des-rivieres\/\">Commission parlementaire sur la restauration de la continuit\u00e9 des rivi\u00e8res<\/a><\/p>\r\n<p><a href=\"https:\/\/lesamisdebagnoles.fr\/index.php\/2026\/01\/21\/convocation-assemblee-generale-labon-05-03-2026\/\">Convocation Assembl\u00e9e G\u00e9n\u00e9rale LABON 05\/03\/2026<\/a><\/p>\r\n<p><strong>Actualit\u00e9s 2025<\/strong><\/p>\r\n<p><a href=\"https:\/\/lesamisdebagnoles.fr\/index.php\/2026\/03\/09\/reunion-du-copil-n2-17-decembre-2025-artelia\/\">R\u00e9union du COPIL n\u00b0 2<\/a><\/p>\r\n\r\n\r\n\r\n<p><a href=\"https:\/\/lesamisdebagnoles.fr\/index.php\/2025\/11\/09\/rencontre-au-gue-aux-biches\/\" data-type=\"link\" data-id=\"https:\/\/lesamisdebagnoles.fr\/index.php\/2025\/11\/09\/rencontre-au-gue-aux-biches\/\">Rencontre au Gu\u00e9 aux Biches<\/a><\/p>\r\n\r\n\r\n\r\n<p><a href=\"https:\/\/lesamisdebagnoles.fr\/index.php\/2025\/10\/16\/communique-labon-15-10-2025\/\" data-type=\"link\" data-id=\"https:\/\/lesamisdebagnoles.fr\/wp-admin\/post.php?post=1592&amp;action=edit\">Communiqu\u00e9 LABON 15\/10\/2025<\/a><\/p>\r\n\r\n\r\n\r\n<p><a href=\"https:\/\/lesamisdebagnoles.fr\/index.php\/2025\/06\/12\/positionnement-de-lassociation-labon-relative-a-la-premiere-seance-du-copil\/\" data-type=\"link\" data-id=\"https:\/\/lesamisdebagnoles.fr\/index.php\/2025\/06\/12\/positionnement-de-lassociation-labon-relative-a-la-premiere-seance-du-copil\/\">Positionnement de l&rsquo;association LABON relative \u00e0 la premi\u00e8re s\u00e9ance du COPIL<\/a><\/p>\r\n\r\n\r\n\r\n<p><a href=\"https:\/\/lesamisdebagnoles.fr\/index.php\/2025\/06\/12\/copil-compte-rendu-de-la-reunion-du-6-juin-2025\/\">COPIL \u2013 Compte-rendu de la r\u00e9union du 6 juin 2025<\/a><\/p>\r\n\r\n\r\n\r\n<p><a href=\"https:\/\/lesamisdebagnoles.fr\/index.php\/2025\/05\/19\/repas-et-visite-au-chateau-de-carrouges\/\" data-type=\"link\" data-id=\"https:\/\/lesamisdebagnoles.fr\/index.php\/2025\/05\/19\/repas-et-visite-au-chateau-de-carrouges\/\">Repas et visite au Ch\u00e2teau de Carrouges<\/a><\/p>\r\n\r\n\r\n\r\n<p><a href=\"https:\/\/lesamisdebagnoles.fr\/index.php\/2025\/04\/13\/article-du-publicateur-du-10-avril-2025\/\" data-type=\"link\" data-id=\"https:\/\/lesamisdebagnoles.fr\/index.php\/2025\/04\/13\/article-du-publicateur-du-10-avril-2025\/\">Article du Publicateur du 10 Avril 2015<\/a><\/p>\r\n\r\n\r\n\r\n<p><a href=\"https:\/\/lesamisdebagnoles.fr\/index.php\/2025\/03\/24\/la-destruction-des-ouvrages-hydrauliques-en-riviere\/\" data-type=\"link\" data-id=\"https:\/\/lesamisdebagnoles.fr\/index.php\/2025\/03\/24\/la-destruction-des-ouvrages-hydrauliques-en-riviere\/\">La continuit\u00e9 \u00e9cologique&#8230;le mythe de la rivi\u00e8re naturelle ?<\/a><\/p>\r\n\r\n\r\n\r\n<p><a href=\"https:\/\/lesamisdebagnoles.fr\/index.php\/2025\/03\/24\/la-destruction-des-ouvrages-hydrauliques-en-riviere\/\" data-type=\"link\" data-id=\"https:\/\/lesamisdebagnoles.fr\/index.php\/2025\/03\/24\/la-destruction-des-ouvrages-hydrauliques-en-riviere\/\">La destruction des ouvrages hydrauliques en rivi\u00e8re<\/a><\/p>\r\n\r\n\r\n\r\n<p><a href=\"https:\/\/lesamisdebagnoles.fr\/index.php\/2025\/03\/24\/leffacement-des-seuils-et-barrages-consequences\/\" data-type=\"link\" data-id=\"https:\/\/lesamisdebagnoles.fr\/index.php\/2025\/03\/24\/leffacement-des-seuils-et-barrages-consequences\/\">L\u2019effacement des seuils et barrages : cons\u00e9quences<\/a><\/p>\r\n\r\n\r\n\r\n<p><a href=\"https:\/\/lesamisdebagnoles.fr\/index.php\/2025\/03\/05\/le-projet-de-la-gare-et-le-lac\/\" data-type=\"link\" data-id=\"https:\/\/lesamisdebagnoles.fr\/index.php\/2025\/03\/05\/le-projet-de-la-gare-et-le-lac\/\">Le projet de la gare et le lac<\/a><\/p>\r\n\r\n\r\n\r\n<p><a href=\"https:\/\/lesamisdebagnoles.fr\/index.php\/2025\/03\/02\/le-mot-du-president-2-mars-2025\/\" data-type=\"link\" data-id=\"https:\/\/lesamisdebagnoles.fr\/index.php\/2025\/03\/02\/le-mot-du-president-2-mars-2025\/\">La lettre du Pr\u00e9sident (2 Mars 2025)<\/a><\/p>\r\n\r\n\r\n\r\n<p><a href=\"https:\/\/lesamisdebagnoles.fr\/index.php\/2025\/02\/19\/assemblee-generale-de-lassociation-labon\/\" data-type=\"link\" data-id=\"https:\/\/lesamisdebagnoles.fr\/index.php\/2025\/02\/19\/assemblee-generale-de-lassociation-labon\/\">Assembl\u00e9e G\u00e9n\u00e9rale de l\u2019Association LABON<\/a><\/p>\r\n\r\n\r\n\r\n<p><strong>Actualit\u00e9s 2024<\/strong><\/p>\r\n\r\n\r\n\r\n<p><a href=\"https:\/\/lesamisdebagnoles.fr\/index.php\/2024\/12\/11\/pourquoi-faut-il-ne-pas-separer-la-vee-du-lac\/\">Pourquoi ne faut-il pas s\u00e9parer la V\u00e9e du Lac<\/a><\/p>\r\n\r\n\r\n\r\n<p><a href=\"https:\/\/lesamisdebagnoles.fr\/index.php\/2024\/12\/11\/reponses-a-des-questions-simples\/\">R\u00e9ponses \u00e0 des questions simples<\/a><\/p>\r\n\r\n\r\n\r\n<p><a href=\"https:\/\/lesamisdebagnoles.fr\/index.php\/2024\/11\/24\/libre-tribune\/\" data-type=\"link\" data-id=\"https:\/\/lesamisdebagnoles.fr\/index.php\/2024\/11\/24\/libre-tribune\/\">Libre tribune<\/a><\/p>\r\n\r\n\r\n\r\n<p><a href=\"https:\/\/lesamisdebagnoles.fr\/index.php\/2024\/11\/15\/lassociation-labon-invitee-au-copil\/\">L&rsquo;association Labon est invit\u00e9e au COPIL<\/a><\/p>\r\n\r\n\r\n\r\n<p><a href=\"https:\/\/lesamisdebagnoles.fr\/index.php\/2024\/06\/12\/compte-rendu-de-la-rencontre-avec-monsieur-bernard-moreau-le-17-mai-2024\/\" data-type=\"link\" data-id=\"https:\/\/lesamisdebagnoles.fr\/index.php\/2024\/06\/12\/compte-rendu-de-la-rencontre-avec-monsieur-bernard-moreau-le-17-mai-2024\/\">Compte-rendu de la rencontre avec Monsieur Bernard MOREAU le 17 Mai 2024<\/a><\/p>\r\n\r\n\r\n\r\n<p><a href=\"https:\/\/lesamisdebagnoles.fr\/index.php\/2024\/06\/03\/le-problemes-des-alluvions\/\" data-type=\"link\" data-id=\"https:\/\/lesamisdebagnoles.fr\/index.php\/2024\/06\/03\/le-problemes-des-alluvions\/\">Le probl\u00e8me des alluvions<\/a><\/p>\r\n\r\n\r\n\r\n<p><a href=\"https:\/\/lesamisdebagnoles.fr\/index.php\/2024\/06\/03\/la-carte-de-cassini\/\" data-type=\"link\" data-id=\"https:\/\/lesamisdebagnoles.fr\/index.php\/2024\/06\/03\/la-carte-de-cassini\/\">LA CARTE DE CASSINI<\/a><\/p>\r\n\r\n\r\n\r\n<p class=\"has-medium-font-size\"><a href=\"https:\/\/lesamisdebagnoles.fr\/index.php\/2024\/05\/12\/hydrauxois-la-disparition-programmee-du-lac-du-bagnoles-de-lorne-gabegie-publique-en-temps-de-crise-de-leau\/\" data-type=\"link\" data-id=\"https:\/\/lesamisdebagnoles.fr\/index.php\/2024\/05\/12\/hydrauxois-la-disparition-programmee-du-lac-du-bagnoles-de-lorne-gabegie-publique-en-temps-de-crise-de-leau\/\">Hydrauxois: La disparition programm\u00e9e du lac du Bagnoles-de-l\u2019Orne, gabegie publique en temps de crise de l\u2019eau<\/a><\/p>\r\n\r\n\r\n\r\n<p class=\"has-medium-font-size\"><a href=\"https:\/\/lesamisdebagnoles.fr\/index.php\/2024\/05\/11\/pourquoi-bagnoles-de-lorne-est-elle-si-fiere-de-son-quartier-belle-epoque\/\" data-type=\"link\" data-id=\"https:\/\/lesamisdebagnoles.fr\/index.php\/2024\/05\/11\/pourquoi-bagnoles-de-lorne-est-elle-si-fiere-de-son-quartier-belle-epoque\/\">Pourquoi Bagnoles-de-l\u2019Orne est-elle si fi\u00e8re de son quartier Belle \u00c9poque\u00a0?<\/a><\/p>\r\n\r\n\r\n\r\n<p class=\"has-medium-font-size\"><a href=\"https:\/\/lesamisdebagnoles.fr\/index.php\/2024\/05\/06\/projet-de-detournement-de-la-vee\/\" data-type=\"link\" data-id=\"https:\/\/lesamisdebagnoles.fr\/index.php\/2024\/05\/06\/projet-de-detournement-de-la-vee\/\">Projet de d\u00e9tournement de la V\u00e9e<\/a><\/p>\r\n\r\n\r\n\r\n<p class=\"has-medium-font-size\"><strong>Les essentiels<\/strong><\/p>\r\n\r\n\r\n\r\n<p><a style=\"white-space: normal;\" href=\"https:\/\/lesamisdebagnoles.fr\/index.php\/2025\/02\/07\/mise-au-point-relative-au-positionnement-de-lassociation\/\" data-type=\"link\" data-id=\"https:\/\/lesamisdebagnoles.fr\/index.php\/2025\/02\/07\/mise-au-point-relative-au-positionnement-de-lassociation\/\">Mise au point relative au positionnement de l\u2019association<\/a><\/p>\r\n\r\n\r\n\r\n<p><a href=\"https:\/\/lesamisdebagnoles.fr\/index.php\/2024\/11\/10\/petition-pour-le-desenvasement-du-lac\/\" data-type=\"link\" data-id=\"https:\/\/lesamisdebagnoles.fr\/index.php\/2024\/11\/10\/petition-pour-le-desenvasement-du-lac\/\">P\u00e9tition pour le d\u00e9senvasement du lac<\/a><\/p>\r\n\r\n\r\n\r\n<p><a href=\"https:\/\/lesamisdebagnoles.fr\/index.php\/2025\/03\/03\/la-courte-histoire-et-les-grandes-finalites-de-lassociation-labon\/\" data-type=\"link\" data-id=\"https:\/\/lesamisdebagnoles.fr\/index.php\/2025\/03\/03\/la-courte-histoire-et-les-grandes-finalites-de-lassociation-labon\/\">La courte histoire et les grandes finalit\u00e9s de l\u2019association LABON<\/a><\/p>\r\n\r\n\r\n\r\n<p><a href=\"https:\/\/lesamisdebagnoles.fr\/index.php\/2025\/01\/24\/les-sites-patrimoniaux-remarquables\/\">Les sites patrimoniaux remarquables<\/a><\/p>\r\n\r\n\r\n\r\n<p><a href=\"https:\/\/lesamisdebagnoles.fr\/index.php\/2024\/11\/06\/les-dangers-dun-pont-cadre\/\" data-type=\"link\" data-id=\"https:\/\/lesamisdebagnoles.fr\/index.php\/2024\/11\/06\/les-dangers-dun-pont-cadre\/\">Les dangers d&rsquo;un pont cadre<\/a><\/p>\r\n\r\n\r\n\r\n<p><a style=\"font-size: revert; white-space: normal; font-family: var(--wp--preset--font-family--system-font);\" href=\"https:\/\/lesamisdebagnoles.fr\/index.php\/2024\/10\/21\/role-des-haies-et-envasement-du-lac\/\" data-type=\"link\" data-id=\"https:\/\/lesamisdebagnoles.fr\/index.php\/2024\/10\/21\/role-des-haies-et-envasement-du-lac\/\">R\u00f4le des haies et envasement du lac<\/a><\/p>\r\n\r\n\r\n\r\n<p><a href=\"https:\/\/lesamisdebagnoles.fr\/index.php\/2024\/09\/13\/etude-paysagere\/\" data-type=\"link\" data-id=\"https:\/\/lesamisdebagnoles.fr\/index.php\/2024\/09\/13\/etude-paysagere\/\">\u00c9tude paysag\u00e8re<\/a><\/p>\r\n\r\n\r\n\r\n<p><a href=\"https:\/\/lesamisdebagnoles.fr\/index.php\/2024\/09\/11\/le-plan-de-prevention-des-risques-dans-la-vallee-de-la-vee\/\" data-type=\"link\" data-id=\"https:\/\/lesamisdebagnoles.fr\/index.php\/2024\/09\/11\/le-plan-de-prevention-des-risques-dans-la-vallee-de-la-vee\/\">Le plan de pr\u00e9vention des risques dans la vall\u00e9e de la V\u00e9e<\/a><\/p>\r\n\r\n\r\n\r\n<p><a href=\"https:\/\/lesamisdebagnoles.fr\/index.php\/2024\/08\/02\/le-lac-demain-si-vous-le-decidez\/\" data-type=\"link\" data-id=\"https:\/\/lesamisdebagnoles.fr\/index.php\/2024\/08\/02\/le-lac-demain-si-vous-le-decidez\/\">\u00ab\u00a0La lac demain si vous le d\u00e9cidez\u00a0\u00bb<\/a><\/p>\r\n\r\n\r\n\r\n<p><a href=\"https:\/\/lesamisdebagnoles.fr\/index.php\/2024\/06\/25\/green-destination-quelle-coherence-avec-le-projet-de-vandalisation-du-site-du-lac-de-bagnoles\/\" data-type=\"link\" data-id=\"https:\/\/lesamisdebagnoles.fr\/index.php\/2024\/06\/25\/green-destination-quelle-coherence-avec-le-projet-de-vandalisation-du-site-du-lac-de-bagnoles\/\">Green Destination : Quelle coh\u00e9rence avec le projet de vandalisation du lac<\/a><\/p>\r\n\r\n\r\n\r\n<p><a href=\"https:\/\/lesamisdebagnoles.fr\/index.php\/2024\/05\/15\/la-municipalite-et-le-sage-mayenne\/\" data-type=\"link\" data-id=\"https:\/\/lesamisdebagnoles.fr\/index.php\/2024\/05\/15\/la-municipalite-et-le-sage-mayenne\/\">La municipalit\u00e9 et le SAGE Mayenne<\/a><\/p>\r\n\r\n\r\n\r\n<p><a href=\"https:\/\/lesamisdebagnoles.fr\/index.php\/2024\/05\/07\/la-barriere-rocheuse-et-la-cluse-de-bagnoles-de-lorne\/\" data-type=\"link\" data-id=\"https:\/\/lesamisdebagnoles.fr\/index.php\/2024\/05\/07\/la-barriere-rocheuse-et-la-cluse-de-bagnoles-de-lorne\/\">La barri\u00e8re rocheuse et la cluse de Bagnoles<\/a><\/p>\r\n\r\n\r\n\r\n<p><a href=\"https:\/\/lesamisdebagnoles.fr\/index.php\/2024\/05\/06\/desenvasement-du-lac\/\" data-type=\"link\" data-id=\"https:\/\/lesamisdebagnoles.fr\/index.php\/2024\/05\/06\/desenvasement-du-lac\/\">D\u00e9senvasement du lac<\/a><\/p>\r\n\r\n\r\n\r\n<p><a href=\"https:\/\/lesamisdebagnoles.fr\/index.php\/2024\/05\/13\/le-projet-et-le-parc-naturel-regional-normandie-maine\/\" data-type=\"link\" data-id=\"https:\/\/lesamisdebagnoles.fr\/index.php\/2024\/05\/13\/le-projet-et-le-parc-naturel-regional-normandie-maine\/\">Le projet et le Parc Naturel R\u00e9gional Normandie Maine<\/a><\/p>\r\n\r\n\r\n\r\n<p><a href=\"https:\/\/lesamisdebagnoles.fr\/index.php\/2024\/05\/08\/avis-de-pierre-noel-chercheur-et-expert\/\" data-type=\"link\" data-id=\"https:\/\/lesamisdebagnoles.fr\/index.php\/2024\/05\/08\/avis-de-pierre-noel-chercheur-et-expert\/\">AVIS de Pierre No\u00ebl, Chercheur et Expert<\/a><\/p>\r\n\r\n\r\n\r\n<p><a href=\"https:\/\/lesamisdebagnoles.fr\/index.php\/2024\/05\/07\/avis-sur-le-pre-projet-lac-de-bagnoles\/\" data-type=\"link\" data-id=\"https:\/\/lesamisdebagnoles.fr\/index.php\/2024\/05\/07\/avis-sur-le-pre-projet-lac-de-bagnoles\/\">AVIS SUR LE PR\u00c9-PROJET LAC DE BAGNOLES<\/a><\/p>\r\n\r\n\r\n\r\n<p class=\"has-medium-font-size\"><strong>Actions et d\u00e9marches<\/strong><\/p>\r\n<p><a href=\"https:\/\/lesamisdebagnoles.fr\/index.php\/2026\/03\/09\/reponse-de-lars\/\">R\u00e9ponse de l&rsquo;ARS<\/a><\/p>\r\n\r\n\r\n\r\n<p class=\"has-medium-font-size\"><a href=\"https:\/\/lesamisdebagnoles.fr\/index.php\/2025\/04\/10\/courriers-mars-2025\/\" data-type=\"link\" data-id=\"https:\/\/lesamisdebagnoles.fr\/index.php\/2025\/04\/10\/courriers-mars-2025\/\">COURRIERS MARS 2025<\/a><\/p>\r\n\r\n\r\n\r\n<p class=\"has-medium-font-size\"><a href=\"https:\/\/lesamisdebagnoles.fr\/index.php\/2024\/10\/23\/courriers-demarches-en-cours-actions-2\/\" data-type=\"link\" data-id=\"https:\/\/lesamisdebagnoles.fr\/index.php\/2024\/10\/23\/courriers-demarches-en-cours-actions-2\/\">Courriers, D\u00e9marches en cours, Actions 2<\/a><\/p>\r\n\r\n\r\n\r\n<p class=\"has-medium-font-size\"><a href=\"https:\/\/lesamisdebagnoles.fr\/index.php\/2024\/10\/21\/actions-et-courriers\/\">Courriers, D\u00e9marches en cours, Actions 1<\/a><\/p>\r\n\r\n\r\n\r\n<p class=\"has-medium-font-size\"><strong>L&rsquo;association<\/strong><\/p>\r\n\r\n\r\n\r\n<p><a href=\"https:\/\/lesamisdebagnoles.fr\/index.php\/page-d-exemple\/\" data-type=\"link\" data-id=\"https:\/\/lesamisdebagnoles.fr\/index.php\/page-d-exemple\/\">L&rsquo;association<\/a><\/p>\r\n\r\n\r\n\r\n<p><a href=\"https:\/\/lesamisdebagnoles.fr\/index.php\/page-d-exemple\/politique-de-confidentialite\/\" data-type=\"link\" data-id=\"https:\/\/lesamisdebagnoles.fr\/index.php\/page-d-exemple\/politique-de-confidentialite\/\">Mentions l\u00e9gales<\/a><\/p>\r\n\r\n\r\n\r\n<p class=\"has-medium-font-size\"><strong>Gestion du blogue<\/strong><\/p>\r\n\r\n\r\n\r\n<p><a href=\"https:\/\/lesamisdebagnoles.fr\/index.php\/memento-redacteurs\/\" data-type=\"link\" data-id=\"https:\/\/lesamisdebagnoles.fr\/index.php\/memento-redacteurs\/\">M\u00e9mento R\u00e9dacteurs<\/a><\/p>\r\n\r\n\r\n\r\n<p><a href=\"https:\/\/lesamisdebagnoles.fr\/index.php\/memento-redacteurs\/code-typographique\/\" data-type=\"link\" data-id=\"https:\/\/lesamisdebagnoles.fr\/index.php\/memento-redacteurs\/code-typographique\/\">M\u00e9mento Code typographique<\/a><\/p>\r\n\r\n\r\n\r\n<p><a href=\"https:\/\/lesamisdebagnoles.fr\/index.php\/memento-redacteurs\/privileges-wordpress\/\" data-type=\"link\" data-id=\"https:\/\/lesamisdebagnoles.fr\/index.php\/memento-redacteurs\/privileges-wordpress\/\">Privil\u00e8ges WordPress<\/a><\/p>\r\n\r\n\r\n\r\n<p><a href=\"https:\/\/lesamisdebagnoles.fr\/index.php\/memento-redacteurs\/privileges-wordpress-2\/\" data-type=\"link\" data-id=\"https:\/\/lesamisdebagnoles.fr\/index.php\/memento-redacteurs\/privileges-wordpress-2\/\">\u00c9claircissements Privil\u00e8ges WordPress<\/a><\/p>\r\n","protected":false},"excerpt":{"rendered":"<p>Actualit\u00e9s 2026 Compte-rendu Assembl\u00e9e G\u00e9n\u00e9rale LABON 2026 \u00c9lections municipales de Bagnoles. Positionnement des candidats \u00e0 propos du lac Floril\u00e8ge de points de vue, questionnements et informations Commission parlementaire sur la restauration de la continuit\u00e9 des rivi\u00e8res Convocation Assembl\u00e9e G\u00e9n\u00e9rale LABON 05\/03\/2026 Actualit\u00e9s 2025 R\u00e9union du COPIL n\u00b0 2 Rencontre au Gu\u00e9 aux Biches Communiqu\u00e9 LABON [&hellip;]<\/p>\n","protected":false},"author":2,"featured_media":0,"parent":0,"menu_order":0,"comment_status":"closed","ping_status":"closed","template":"","meta":{"footnotes":""},"class_list":["post-1538","page","type-page","status-publish","hentry"],"_links":{"self":[{"href":"https:\/\/lesamisdebagnoles.fr\/index.php\/wp-json\/wp\/v2\/pages\/1538","targetHints":{"allow":["GET"]}}],"collection":[{"href":"https:\/\/lesamisdebagnoles.fr\/index.php\/wp-json\/wp\/v2\/pages"}],"about":[{"href":"https:\/\/lesamisdebagnoles.fr\/index.php\/wp-json\/wp\/v2\/types\/page"}],"author":[{"embeddable":true,"href":"https:\/\/lesamisdebagnoles.fr\/index.php\/wp-json\/wp\/v2\/users\/2"}],"replies":[{"embeddable":true,"href":"https:\/\/lesamisdebagnoles.fr\/index.php\/wp-json\/wp\/v2\/comments?post=1538"}],"version-history":[{"count":30,"href":"https:\/\/lesamisdebagnoles.fr\/index.php\/wp-json\/wp\/v2\/pages\/1538\/revisions"}],"predecessor-version":[{"id":1733,"href":"https:\/\/lesamisdebagnoles.fr\/index.php\/wp-json\/wp\/v2\/pages\/1538\/revisions\/1733"}],"wp:attachment":[{"href":"https:\/\/lesamisdebagnoles.fr\/index.php\/wp-json\/wp\/v2\/media?parent=1538"}],"curies":[{"name":"wp","href":"https:\/\/api.w.org\/{rel}","templated":true}]}}